{"id":2,"date":"2023-09-05T12:03:41","date_gmt":"2023-09-05T10:03:41","guid":{"rendered":"http:\/\/renaissance-concepts.com\/?page_id=2"},"modified":"2026-03-12T16:26:58","modified_gmt":"2026-03-12T15:26:58","slug":"materiaux-de-construction-ancien-de-qualite","status":"publish","type":"page","link":"https:\/\/renaissance-concepts.com\/","title":{"rendered":"Accueil"},"content":{"rendered":"\t\t<div data-elementor-type=\"wp-page\" data-elementor-id=\"2\" class=\"elementor elementor-2\">\n\t\t\t\t\t\t<section class=\"elementor-section elementor-top-section elementor-element elementor-element-f6538dc elementor-section-height-full elementor-section-content-top elementor-hidden-tablet elementor-hidden-mobile elementor-section-boxed elementor-section-height-default elementor-section-items-middle\" data-id=\"f6538dc\" data-element_type=\"section\" data-e-type=\"section\">\n\t\t\t\t\t\t<div class=\"elementor-container elementor-column-gap-default\">\n\t\t\t\t\t<div class=\"elementor-column elementor-col-100 elementor-top-column elementor-element elementor-element-377e3bc\" data-id=\"377e3bc\" data-element_type=\"column\" data-e-type=\"column\">\n\t\t\t<div class=\"elementor-widget-wrap elementor-element-populated\">\n\t\t\t\t\t\t<div class=\"elementor-element elementor-element-e998957 elementor-widget elementor-widget-image\" data-id=\"e998957\" data-element_type=\"widget\" data-e-type=\"widget\" data-widget_type=\"image.default\">\n\t\t\t\t<div class=\"elementor-widget-container\">\n\t\t\t\t\t\t\t\t\t\t\t\t\t\t\t\t<a href=\"https:\/\/www.proantic.com\/galerie\/renaissance-concepts\/\" target=\"_blank\">\n\t\t\t\t\t\t\t<img fetchpriority=\"high\" decoding=\"async\" width=\"1024\" height=\"768\" src=\"https:\/\/renaissance-concepts.com\/wp-content\/uploads\/2023\/09\/photo_accueil-1024x768.webp\" class=\"attachment-large size-large wp-image-102\" alt=\"\" srcset=\"https:\/\/renaissance-concepts.com\/wp-content\/uploads\/2023\/09\/photo_accueil-1024x768.webp 1024w, https:\/\/renaissance-concepts.com\/wp-content\/uploads\/2023\/09\/photo_accueil-300x225.webp 300w, https:\/\/renaissance-concepts.com\/wp-content\/uploads\/2023\/09\/photo_accueil-768x576.webp 768w, https:\/\/renaissance-concepts.com\/wp-content\/uploads\/2023\/09\/photo_accueil-1536x1152.webp 1536w, https:\/\/renaissance-concepts.com\/wp-content\/uploads\/2023\/09\/photo_accueil.webp 2016w\" sizes=\"(max-width: 1024px) 100vw, 1024px\" \/>\t\t\t\t\t\t\t\t<\/a>\n\t\t\t\t\t\t\t\t\t\t\t\t\t\t\t<\/div>\n\t\t\t\t<\/div>\n\t\t\t\t<div class=\"elementor-element elementor-element-aea405a elementor-widget elementor-widget-eael-fancy-text\" data-id=\"aea405a\" data-element_type=\"widget\" data-e-type=\"widget\" data-widget_type=\"eael-fancy-text.default\">\n\t\t\t\t<div class=\"elementor-widget-container\">\n\t\t\t\t\t\n\t<div  class=\"eael-fancy-text-container style-1\" data-fancy-text-id=\"aea405a\" data-fancy-text=\"|L&#039;Authenticit\u00e9 pour philosophie\" data-fancy-text-transition-type=\"typing\" data-fancy-text-speed=\"50\" data-fancy-text-delay=\"2500\" data-fancy-text-cursor=\"yes\" data-fancy-text-loop=\"\" data-fancy-text-action=\"page_load\" >\n\t\t\n\t\t\n\t\t\t\t\t<span id=\"eael-fancy-text-aea405a\" class=\"eael-fancy-text-strings solid-color\">\n\t\t\t\t<noscript>\n\t\t\t\t\tL'Authenticit\u00e9 pour philosophie\t\t\t\t<\/noscript>\n\t\t\t<\/span>\n\t\t\n\t\t\t<\/div><!-- close .eael-fancy-text-container -->\n\n\t<div class=\"clearfix\"><\/div>\n\n\t\t\t\t\t<\/div>\n\t\t\t\t<\/div>\n\t\t\t\t<div class=\"elementor-element elementor-element-3e6711d elementor-align-right elementor-widget elementor-widget-button\" data-id=\"3e6711d\" data-element_type=\"widget\" data-e-type=\"widget\" data-widget_type=\"button.default\">\n\t\t\t\t<div class=\"elementor-widget-container\">\n\t\t\t\t\t\t\t\t\t<div class=\"elementor-button-wrapper\">\n\t\t\t\t\t<a class=\"elementor-button elementor-button-link elementor-size-xs elementor-animation-grow\" href=\"https:\/\/www.proantic.com\/galerie\/renaissance-concepts\/\" target=\"_blank\">\n\t\t\t\t\t\t<span class=\"elementor-button-content-wrapper\">\n\t\t\t\t\t\t<span class=\"elementor-button-icon\">\n\t\t\t\t<i aria-hidden=\"true\" class=\"icon icon-online-shopping-cart\"><\/i>\t\t\t<\/span>\n\t\t\t\t\t\t\t\t\t<span class=\"elementor-button-text\">Boutique PROANTIC<\/span>\n\t\t\t\t\t<\/span>\n\t\t\t\t\t<\/a>\n\t\t\t\t<\/div>\n\t\t\t\t\t\t\t\t<\/div>\n\t\t\t\t<\/div>\n\t\t\t\t<div class=\"elementor-element elementor-element-936ffe4 elementor-align-right elementor-widget elementor-widget-button\" data-id=\"936ffe4\" data-element_type=\"widget\" data-e-type=\"widget\" data-widget_type=\"button.default\">\n\t\t\t\t<div class=\"elementor-widget-container\">\n\t\t\t\t\t\t\t\t\t<div class=\"elementor-button-wrapper\">\n\t\t\t\t\t<a class=\"elementor-button elementor-button-link elementor-size-sm elementor-animation-grow\" href=\"https:\/\/renaissance-concepts.com\/index.php\/maison-a-la-francaise-seattle\/\" target=\"_blank\">\n\t\t\t\t\t\t<span class=\"elementor-button-content-wrapper\">\n\t\t\t\t\t\t<span class=\"elementor-button-icon\">\n\t\t\t\t<i aria-hidden=\"true\" class=\"icon icon-Safe-house\"><\/i>\t\t\t<\/span>\n\t\t\t\t\t\t\t\t\t<span class=\"elementor-button-text\">Derni\u00e8re r\u00e9alisation<\/span>\n\t\t\t\t\t<\/span>\n\t\t\t\t\t<\/a>\n\t\t\t\t<\/div>\n\t\t\t\t\t\t\t\t<\/div>\n\t\t\t\t<\/div>\n\t\t\t\t\t<\/div>\n\t\t<\/div>\n\t\t\t\t\t<\/div>\n\t\t<\/section>\n\t\t\t\t<section class=\"elementor-section elementor-top-section elementor-element elementor-element-16c9411 elementor-hidden-desktop elementor-section-height-full elementor-section-content-top elementor-section-boxed elementor-section-height-default elementor-section-items-middle\" data-id=\"16c9411\" data-element_type=\"section\" data-e-type=\"section\">\n\t\t\t\t\t\t<div class=\"elementor-container elementor-column-gap-default\">\n\t\t\t\t\t<div class=\"elementor-column elementor-col-100 elementor-top-column elementor-element elementor-element-1713f9c\" data-id=\"1713f9c\" data-element_type=\"column\" data-e-type=\"column\">\n\t\t\t<div class=\"elementor-widget-wrap elementor-element-populated\">\n\t\t\t\t\t\t<div class=\"elementor-element elementor-element-8f61945 elementor-widget elementor-widget-eael-fancy-text\" data-id=\"8f61945\" data-element_type=\"widget\" data-e-type=\"widget\" data-widget_type=\"eael-fancy-text.default\">\n\t\t\t\t<div class=\"elementor-widget-container\">\n\t\t\t\t\t\n\t<div  class=\"eael-fancy-text-container style-1\" data-fancy-text-id=\"8f61945\" data-fancy-text=\"|L&#039;Authenticit\u00e9 pour philosophie\" data-fancy-text-transition-type=\"typing\" data-fancy-text-speed=\"50\" data-fancy-text-delay=\"2500\" data-fancy-text-cursor=\"yes\" data-fancy-text-loop=\"\" data-fancy-text-action=\"page_load\" >\n\t\t\n\t\t\n\t\t\t\t\t<span id=\"eael-fancy-text-8f61945\" class=\"eael-fancy-text-strings solid-color\">\n\t\t\t\t<noscript>\n\t\t\t\t\tL'Authenticit\u00e9 pour philosophie\t\t\t\t<\/noscript>\n\t\t\t<\/span>\n\t\t\n\t\t\t<\/div><!-- close .eael-fancy-text-container -->\n\n\t<div class=\"clearfix\"><\/div>\n\n\t\t\t\t\t<\/div>\n\t\t\t\t<\/div>\n\t\t\t\t<div class=\"elementor-element elementor-element-833307c elementor-widget elementor-widget-image\" data-id=\"833307c\" data-element_type=\"widget\" data-e-type=\"widget\" data-widget_type=\"image.default\">\n\t\t\t\t<div class=\"elementor-widget-container\">\n\t\t\t\t\t\t\t\t\t\t\t\t\t\t\t<img decoding=\"async\" width=\"1024\" height=\"768\" src=\"https:\/\/renaissance-concepts.com\/wp-content\/uploads\/2023\/09\/A8-Facade.-copie-1024x768.jpg\" class=\"attachment-large size-large wp-image-1055\" alt=\"\" srcset=\"https:\/\/renaissance-concepts.com\/wp-content\/uploads\/2023\/09\/A8-Facade.-copie-1024x768.jpg 1024w, https:\/\/renaissance-concepts.com\/wp-content\/uploads\/2023\/09\/A8-Facade.-copie-300x225.jpg 300w, https:\/\/renaissance-concepts.com\/wp-content\/uploads\/2023\/09\/A8-Facade.-copie-768x576.jpg 768w, https:\/\/renaissance-concepts.com\/wp-content\/uploads\/2023\/09\/A8-Facade.-copie-1536x1152.jpg 1536w, https:\/\/renaissance-concepts.com\/wp-content\/uploads\/2023\/09\/A8-Facade.-copie.jpg 2016w\" sizes=\"(max-width: 1024px) 100vw, 1024px\" \/>\t\t\t\t\t\t\t\t\t\t\t\t\t\t\t<\/div>\n\t\t\t\t<\/div>\n\t\t\t\t\t<\/div>\n\t\t<\/div>\n\t\t\t\t\t<\/div>\n\t\t<\/section>\n\t\t\t\t<\/div>\n\t\t","protected":false},"excerpt":{"rendered":"<p>L&rsquo;Authenticit\u00e9 pour philosophie Boutique PROANTIC Derni\u00e8re r\u00e9alisation L&rsquo;Authenticit\u00e9 pour philosophie<\/p>\n","protected":false},"author":1,"featured_media":0,"parent":0,"menu_order":0,"comment_status":"closed","ping_status":"open","template":"","meta":{"footnotes":""},"folder":[],"class_list":["post-2","page","type-page","status-publish"],"yoast_head":"<!-- This site is optimized with the Yoast SEO plugin v27.3 - https:\/\/yoast.com\/product\/yoast-seo-wordpress\/ -->\n<title>Vente de mat\u00e9riaux anciens pierre dallage parquet de qualit\u00e9- Renaissance Concepts<\/title>\n<meta name=\"description\" content=\"Renaissance concepts vente de mat\u00e9riaux anciens, carrelage, dallage de Bourgogne, boiserie, fer forg\u00e9, chemin\u00e9es, ferronnerie\" \/>\n<meta name=\"robots\" content=\"index, follow, max-snippet:-1, max-image-preview:large, max-video-preview:-1\" \/>\n<link rel=\"canonical\" href=\"https:\/\/renaissance-concepts.com\/\" \/>\n<meta property=\"og:locale\" content=\"fr_FR\" \/>\n<meta property=\"og:type\" content=\"article\" \/>\n<meta property=\"og:title\" content=\"Vente de mat\u00e9riaux anciens pierre dallage parquet de qualit\u00e9- Renaissance Concepts\" \/>\n<meta property=\"og:description\" content=\"Renaissance concepts vente de mat\u00e9riaux anciens, carrelage, dallage de Bourgogne, boiserie, fer forg\u00e9, chemin\u00e9es, ferronnerie\" \/>\n<meta property=\"og:url\" content=\"https:\/\/renaissance-concepts.com\/\" \/>\n<meta property=\"og:site_name\" content=\"Renaissance Concepts\" \/>\n<meta property=\"article:modified_time\" content=\"2026-03-12T15:26:58+00:00\" \/>\n<meta property=\"og:image\" content=\"https:\/\/renaissance-concepts.com\/wp-content\/uploads\/2023\/09\/photo_accueil.webp\" \/>\n\t<meta property=\"og:image:width\" content=\"2016\" \/>\n\t<meta property=\"og:image:height\" content=\"1512\" \/>\n\t<meta property=\"og:image:type\" content=\"image\/webp\" \/>\n<meta name=\"twitter:card\" content=\"summary_large_image\" \/>\n<meta name=\"twitter:label1\" content=\"Dur\u00e9e de lecture estim\u00e9e\" \/>\n\t<meta name=\"twitter:data1\" content=\"1 minute\" \/>\n<script type=\"application\/ld+json\" class=\"yoast-schema-graph\">{\"@context\":\"https:\\\/\\\/schema.org\",\"@graph\":[{\"@type\":\"WebPage\",\"@id\":\"https:\\\/\\\/renaissance-concepts.com\\\/\",\"url\":\"https:\\\/\\\/renaissance-concepts.com\\\/\",\"name\":\"Vente de mat\u00e9riaux anciens pierre dallage parquet de qualit\u00e9- Renaissance Concepts\",\"isPartOf\":{\"@id\":\"https:\\\/\\\/renaissance-concepts.com\\\/#website\"},\"primaryImageOfPage\":{\"@id\":\"https:\\\/\\\/renaissance-concepts.com\\\/#primaryimage\"},\"image\":{\"@id\":\"https:\\\/\\\/renaissance-concepts.com\\\/#primaryimage\"},\"thumbnailUrl\":\"https:\\\/\\\/renaissance-concepts.com\\\/wp-content\\\/uploads\\\/2023\\\/09\\\/photo_accueil-1024x768.webp\",\"datePublished\":\"2023-09-05T10:03:41+00:00\",\"dateModified\":\"2026-03-12T15:26:58+00:00\",\"description\":\"Renaissance concepts vente de mat\u00e9riaux anciens, carrelage, dallage de Bourgogne, boiserie, fer forg\u00e9, chemin\u00e9es, ferronnerie\",\"breadcrumb\":{\"@id\":\"https:\\\/\\\/renaissance-concepts.com\\\/#breadcrumb\"},\"inLanguage\":\"fr-FR\",\"potentialAction\":[{\"@type\":\"ReadAction\",\"target\":[\"https:\\\/\\\/renaissance-concepts.com\\\/\"]}]},{\"@type\":\"ImageObject\",\"inLanguage\":\"fr-FR\",\"@id\":\"https:\\\/\\\/renaissance-concepts.com\\\/#primaryimage\",\"url\":\"https:\\\/\\\/renaissance-concepts.com\\\/wp-content\\\/uploads\\\/2023\\\/09\\\/photo_accueil.webp\",\"contentUrl\":\"https:\\\/\\\/renaissance-concepts.com\\\/wp-content\\\/uploads\\\/2023\\\/09\\\/photo_accueil.webp\",\"width\":2016,\"height\":1512},{\"@type\":\"BreadcrumbList\",\"@id\":\"https:\\\/\\\/renaissance-concepts.com\\\/#breadcrumb\",\"itemListElement\":[{\"@type\":\"ListItem\",\"position\":1,\"name\":\"Accueil\",\"item\":\"https:\\\/\\\/renaissance-concepts.com\\\/\"},{\"@type\":\"ListItem\",\"position\":2,\"name\":\"Accueil\"}]},{\"@type\":\"WebSite\",\"@id\":\"https:\\\/\\\/renaissance-concepts.com\\\/#website\",\"url\":\"https:\\\/\\\/renaissance-concepts.com\\\/\",\"name\":\"Renaissance concepts mat\u00e9riaux de construction d'exception\",\"description\":\"L&#039;Authenticit\u00e9 pour Philosophie\",\"publisher\":{\"@id\":\"https:\\\/\\\/renaissance-concepts.com\\\/#organization\"},\"alternateName\":\"R\",\"potentialAction\":[{\"@type\":\"SearchAction\",\"target\":{\"@type\":\"EntryPoint\",\"urlTemplate\":\"https:\\\/\\\/renaissance-concepts.com\\\/?s={search_term_string}\"},\"query-input\":{\"@type\":\"PropertyValueSpecification\",\"valueRequired\":true,\"valueName\":\"search_term_string\"}}],\"inLanguage\":\"fr-FR\"},{\"@type\":\"Organization\",\"@id\":\"https:\\\/\\\/renaissance-concepts.com\\\/#organization\",\"name\":\"Renaissance Concepts\",\"url\":\"https:\\\/\\\/renaissance-concepts.com\\\/\",\"logo\":{\"@type\":\"ImageObject\",\"inLanguage\":\"fr-FR\",\"@id\":\"https:\\\/\\\/renaissance-concepts.com\\\/#\\\/schema\\\/logo\\\/image\\\/\",\"url\":\"https:\\\/\\\/renaissance-concepts.com\\\/wp-content\\\/uploads\\\/2023\\\/09\\\/cropped-logo.webp\",\"contentUrl\":\"https:\\\/\\\/renaissance-concepts.com\\\/wp-content\\\/uploads\\\/2023\\\/09\\\/cropped-logo.webp\",\"width\":282,\"height\":104,\"caption\":\"Renaissance Concepts\"},\"image\":{\"@id\":\"https:\\\/\\\/renaissance-concepts.com\\\/#\\\/schema\\\/logo\\\/image\\\/\"},\"sameAs\":[\"https:\\\/\\\/www.linkedin.com\\\/in\\\/patrick-lorne-1389ab154\\\/\",\"https:\\\/\\\/www.pinterest.fr\\\/4f3bd1233fb89a8c725933814731b3\\\/\"]}]}<\/script>\n<!-- \/ Yoast SEO plugin. -->","yoast_head_json":{"title":"Vente de mat\u00e9riaux anciens pierre dallage parquet de qualit\u00e9- Renaissance Concepts","description":"Renaissance concepts vente de mat\u00e9riaux anciens, carrelage, dallage de Bourgogne, boiserie, fer forg\u00e9, chemin\u00e9es, ferronnerie","robots":{"index":"index","follow":"follow","max-snippet":"max-snippet:-1","max-image-preview":"max-image-preview:large","max-video-preview":"max-video-preview:-1"},"canonical":"https:\/\/renaissance-concepts.com\/","og_locale":"fr_FR","og_type":"article","og_title":"Vente de mat\u00e9riaux anciens pierre dallage parquet de qualit\u00e9- Renaissance Concepts","og_description":"Renaissance concepts vente de mat\u00e9riaux anciens, carrelage, dallage de Bourgogne, boiserie, fer forg\u00e9, chemin\u00e9es, ferronnerie","og_url":"https:\/\/renaissance-concepts.com\/","og_site_name":"Renaissance Concepts","article_modified_time":"2026-03-12T15:26:58+00:00","og_image":[{"width":2016,"height":1512,"url":"https:\/\/renaissance-concepts.com\/wp-content\/uploads\/2023\/09\/photo_accueil.webp","type":"image\/webp"}],"twitter_card":"summary_large_image","twitter_misc":{"Dur\u00e9e de lecture estim\u00e9e":"1 minute"},"schema":{"@context":"https:\/\/schema.org","@graph":[{"@type":"WebPage","@id":"https:\/\/renaissance-concepts.com\/","url":"https:\/\/renaissance-concepts.com\/","name":"Vente de mat\u00e9riaux anciens pierre dallage parquet de qualit\u00e9- Renaissance Concepts","isPartOf":{"@id":"https:\/\/renaissance-concepts.com\/#website"},"primaryImageOfPage":{"@id":"https:\/\/renaissance-concepts.com\/#primaryimage"},"image":{"@id":"https:\/\/renaissance-concepts.com\/#primaryimage"},"thumbnailUrl":"https:\/\/renaissance-concepts.com\/wp-content\/uploads\/2023\/09\/photo_accueil-1024x768.webp","datePublished":"2023-09-05T10:03:41+00:00","dateModified":"2026-03-12T15:26:58+00:00","description":"Renaissance concepts vente de mat\u00e9riaux anciens, carrelage, dallage de Bourgogne, boiserie, fer forg\u00e9, chemin\u00e9es, ferronnerie","breadcrumb":{"@id":"https:\/\/renaissance-concepts.com\/#breadcrumb"},"inLanguage":"fr-FR","potentialAction":[{"@type":"ReadAction","target":["https:\/\/renaissance-concepts.com\/"]}]},{"@type":"ImageObject","inLanguage":"fr-FR","@id":"https:\/\/renaissance-concepts.com\/#primaryimage","url":"https:\/\/renaissance-concepts.com\/wp-content\/uploads\/2023\/09\/photo_accueil.webp","contentUrl":"https:\/\/renaissance-concepts.com\/wp-content\/uploads\/2023\/09\/photo_accueil.webp","width":2016,"height":1512},{"@type":"BreadcrumbList","@id":"https:\/\/renaissance-concepts.com\/#breadcrumb","itemListElement":[{"@type":"ListItem","position":1,"name":"Accueil","item":"https:\/\/renaissance-concepts.com\/"},{"@type":"ListItem","position":2,"name":"Accueil"}]},{"@type":"WebSite","@id":"https:\/\/renaissance-concepts.com\/#website","url":"https:\/\/renaissance-concepts.com\/","name":"Renaissance concepts mat\u00e9riaux de construction d'exception","description":"L&#039;Authenticit\u00e9 pour Philosophie","publisher":{"@id":"https:\/\/renaissance-concepts.com\/#organization"},"alternateName":"R","potentialAction":[{"@type":"SearchAction","target":{"@type":"EntryPoint","urlTemplate":"https:\/\/renaissance-concepts.com\/?s={search_term_string}"},"query-input":{"@type":"PropertyValueSpecification","valueRequired":true,"valueName":"search_term_string"}}],"inLanguage":"fr-FR"},{"@type":"Organization","@id":"https:\/\/renaissance-concepts.com\/#organization","name":"Renaissance Concepts","url":"https:\/\/renaissance-concepts.com\/","logo":{"@type":"ImageObject","inLanguage":"fr-FR","@id":"https:\/\/renaissance-concepts.com\/#\/schema\/logo\/image\/","url":"https:\/\/renaissance-concepts.com\/wp-content\/uploads\/2023\/09\/cropped-logo.webp","contentUrl":"https:\/\/renaissance-concepts.com\/wp-content\/uploads\/2023\/09\/cropped-logo.webp","width":282,"height":104,"caption":"Renaissance Concepts"},"image":{"@id":"https:\/\/renaissance-concepts.com\/#\/schema\/logo\/image\/"},"sameAs":["https:\/\/www.linkedin.com\/in\/patrick-lorne-1389ab154\/","https:\/\/www.pinterest.fr\/4f3bd1233fb89a8c725933814731b3\/"]}]}},"_links":{"self":[{"href":"https:\/\/renaissance-concepts.com\/index.php\/wp-json\/wp\/v2\/pages\/2","targetHints":{"allow":["GET"]}}],"collection":[{"href":"https:\/\/renaissance-concepts.com\/index.php\/wp-json\/wp\/v2\/pages"}],"about":[{"href":"https:\/\/renaissance-concepts.com\/index.php\/wp-json\/wp\/v2\/types\/page"}],"author":[{"embeddable":true,"href":"https:\/\/renaissance-concepts.com\/index.php\/wp-json\/wp\/v2\/users\/1"}],"replies":[{"embeddable":true,"href":"https:\/\/renaissance-concepts.com\/index.php\/wp-json\/wp\/v2\/comments?post=2"}],"version-history":[{"count":269,"href":"https:\/\/renaissance-concepts.com\/index.php\/wp-json\/wp\/v2\/pages\/2\/revisions"}],"predecessor-version":[{"id":2856,"href":"https:\/\/renaissance-concepts.com\/index.php\/wp-json\/wp\/v2\/pages\/2\/revisions\/2856"}],"wp:attachment":[{"href":"https:\/\/renaissance-concepts.com\/index.php\/wp-json\/wp\/v2\/media?parent=2"}],"wp:term":[{"taxonomy":"folder","embeddable":true,"href":"https:\/\/renaissance-concepts.com\/index.php\/wp-json\/wp\/v2\/folder?post=2"}],"curies":[{"name":"wp","href":"https:\/\/api.w.org\/{rel}","templated":true}]}}